{"id":263,"date":"2016-06-18T20:04:43","date_gmt":"2016-06-18T17:04:43","guid":{"rendered":"http:\/\/www.fuare.net\/?page_id=263"},"modified":"2020-04-05T01:21:27","modified_gmt":"2020-04-04T22:21:27","slug":"hakkimizda","status":"publish","type":"page","link":"https:\/\/www.fuare.net\/index.php\/hakkimizda\/","title":{"rendered":"Hakk\u0131m\u0131zda"},"content":{"rendered":"\n<p class=\"has-background has-light-green-cyan-background-color\">\u0130stanbul Fuare \u0130la\u00e7lama Dezenfekte olarak ba\u015fta Covid &#8211; 19 vir\u00fcs\u00fc olmak \u00fczere t\u00fcm vir\u00fcslerin ve  (mayt, akar, parazit, uyuz, bakteri vb.) mikro organizmalar\u0131n h\u0131zl\u0131ca \u00fcreyip \u00e7o\u011falarak insanlar\u0131m\u0131za bula\u015farak ilk a\u015famada ba\u011f\u0131\u015f\u0131kl\u0131k sistemimizi zay\u0131flatmas\u0131n\u0131 engellemek i\u00e7in  ve baz\u0131 vir\u00fcslerin insan bedeninde mutasyon ge\u00e7irerek \u00f6ld\u00fcr\u00fcc\u00fc  hale gelmesini engellemek i\u00e7in ayn\u0131 zamanda sa\u011fl\u0131kl\u0131 bir ya\u015fam sa\u011flamak i\u00e7in   siz sayg\u0131 de\u011fer m\u00fc\u015fterilerimize h\u0131zl\u0131ca ev ve i\u015f yerlerinizde (dezenfeksiyon) dezenfekte ila\u00e7lama hizmetini vermekteyiz. <\/p>\n\n\n<p><\/p>","protected":false},"excerpt":{"rendered":"<p>\u0130stanbul Fuare \u0130la\u00e7lama Dezenfekte olarak ba\u015fta Covid &#8211; 19 vir\u00fcs\u00fc olmak \u00fczere t\u00fcm vir\u00fcslerin ve (mayt, akar, parazit, uyuz, bakteri vb.) mikro organizmalar\u0131n h\u0131zl\u0131ca \u00fcreyip \u00e7o\u011falarak insanlar\u0131m\u0131za bula\u015farak ilk a\u015famada ba\u011f\u0131\u015f\u0131kl\u0131k sistemimizi zay\u0131flatmas\u0131n\u0131 engellemek i\u00e7in ve baz\u0131 vir\u00fcslerin insan bedeninde mutasyon ge\u00e7irerek \u00f6ld\u00fcr\u00fcc\u00fc hale gelmesini engellemek i\u00e7in ayn\u0131 zamanda sa\u011fl\u0131kl\u0131 bir ya\u015fam sa\u011flamak i\u00e7in siz [&hellip;]<\/p>\n","protected":false},"author":1,"featured_media":365,"parent":0,"menu_order":0,"comment_status":"closed","ping_status":"closed","template":"","meta":[],"_links":{"self":[{"href":"https:\/\/www.fuare.net\/index.php\/wp-json\/wp\/v2\/pages\/263"}],"collection":[{"href":"https:\/\/www.fuare.net\/index.php\/wp-json\/wp\/v2\/pages"}],"about":[{"href":"https:\/\/www.fuare.net\/index.php\/wp-json\/wp\/v2\/types\/page"}],"author":[{"embeddable":true,"href":"https:\/\/www.fuare.net\/index.php\/wp-json\/wp\/v2\/users\/1"}],"replies":[{"embeddable":true,"href":"https:\/\/www.fuare.net\/index.php\/wp-json\/wp\/v2\/comments?post=263"}],"version-history":[{"count":4,"href":"https:\/\/www.fuare.net\/index.php\/wp-json\/wp\/v2\/pages\/263\/revisions"}],"predecessor-version":[{"id":383,"href":"https:\/\/www.fuare.net\/index.php\/wp-json\/wp\/v2\/pages\/263\/revisions\/383"}],"wp:featuredmedia":[{"embeddable":true,"href":"https:\/\/www.fuare.net\/index.php\/wp-json\/wp\/v2\/media\/365"}],"wp:attachment":[{"href":"https:\/\/www.fuare.net\/index.php\/wp-json\/wp\/v2\/media?parent=263"}],"curies":[{"name":"wp","href":"https:\/\/api.w.org\/{rel}","templated":true}]}}