{"id":388,"date":"2020-03-28T11:41:46","date_gmt":"2020-03-28T08:41:46","guid":{"rendered":"https:\/\/www.fuare.net\/?page_id=388"},"modified":"2021-03-21T04:14:48","modified_gmt":"2021-03-21T01:14:48","slug":"foto-galeri-2","status":"publish","type":"page","link":"https:\/\/www.fuare.net\/index.php\/foto-galeri-2\/","title":{"rendered":"Foto Galeri"},"content":{"rendered":"\r\n<figure class=\"wp-block-gallery columns-3 is-cropped\">\r\n<figure><\/figure>\r\n<figure>\r\n<div id='gallery-1' class='gallery galleryid-388 gallery-columns-3 gallery-size-thumbnail'><dl class='gallery-item'>\n\t\t\t<dt class='gallery-icon portrait'>\n\t\t\t\t<a href='https:\/\/www.fuare.net\/index.php\/foto-galeri-2\/img-20200331-wa0101-768x1024-2\/'><img width=\"150\" height=\"150\" src=\"https:\/\/www.fuare.net\/wp-content\/uploads\/2021\/03\/IMG-20200331-WA0101-768x1024-2-150x150.jpg\" class=\"attachment-thumbnail size-thumbnail\" alt=\"\" loading=\"lazy\" \/><\/a>\n\t\t\t<\/dt><\/dl><dl class='gallery-item'>\n\t\t\t<dt class='gallery-icon portrait'>\n\t\t\t\t<a href='https:\/\/www.fuare.net\/index.php\/foto-galeri-2\/img-20200331-wa0100-768x1024-2\/'><img width=\"150\" height=\"150\" src=\"https:\/\/www.fuare.net\/wp-content\/uploads\/2021\/03\/IMG-20200331-WA0100-768x1024-2-150x150.jpg\" class=\"attachment-thumbnail size-thumbnail\" alt=\"\" loading=\"lazy\" \/><\/a>\n\t\t\t<\/dt><\/dl><dl class='gallery-item'>\n\t\t\t<dt class='gallery-icon portrait'>\n\t\t\t\t<a href='https:\/\/www.fuare.net\/index.php\/foto-galeri-2\/img-20200331-wa0099-768x1024-2\/'><img width=\"150\" height=\"150\" src=\"https:\/\/www.fuare.net\/wp-content\/uploads\/2021\/03\/IMG-20200331-WA0099-768x1024-2-150x150.jpg\" class=\"attachment-thumbnail size-thumbnail\" alt=\"\" loading=\"lazy\" \/><\/a>\n\t\t\t<\/dt><\/dl><br style=\"clear: both\" \/><dl class='gallery-item'>\n\t\t\t<dt class='gallery-icon portrait'>\n\t\t\t\t<a href='https:\/\/www.fuare.net\/index.php\/foto-galeri-2\/img-20200331-wa0098-768x1024-2\/'><img width=\"150\" height=\"150\" src=\"https:\/\/www.fuare.net\/wp-content\/uploads\/2021\/03\/IMG-20200331-WA0098-768x1024-2-150x150.jpg\" class=\"attachment-thumbnail size-thumbnail\" alt=\"\" loading=\"lazy\" \/><\/a>\n\t\t\t<\/dt><\/dl><dl class='gallery-item'>\n\t\t\t<dt class='gallery-icon portrait'>\n\t\t\t\t<a href='https:\/\/www.fuare.net\/index.php\/foto-galeri-2\/img-20200331-wa0095-768x1024-2\/'><img width=\"150\" height=\"150\" src=\"https:\/\/www.fuare.net\/wp-content\/uploads\/2021\/03\/IMG-20200331-WA0095-768x1024-2-150x150.jpg\" class=\"attachment-thumbnail size-thumbnail\" alt=\"\" loading=\"lazy\" \/><\/a>\n\t\t\t<\/dt><\/dl><dl class='gallery-item'>\n\t\t\t<dt class='gallery-icon portrait'>\n\t\t\t\t<a href='https:\/\/www.fuare.net\/index.php\/foto-galeri-2\/img-20200331-wa0094-768x1024-2\/'><img width=\"150\" height=\"150\" src=\"https:\/\/www.fuare.net\/wp-content\/uploads\/2021\/03\/IMG-20200331-WA0094-768x1024-2-150x150.jpg\" class=\"attachment-thumbnail size-thumbnail\" alt=\"\" loading=\"lazy\" \/><\/a>\n\t\t\t<\/dt><\/dl><br style=\"clear: both\" \/><dl class='gallery-item'>\n\t\t\t<dt class='gallery-icon portrait'>\n\t\t\t\t<a href='https:\/\/www.fuare.net\/index.php\/foto-galeri-2\/img_20200317_171827-768x1024-2\/'><img width=\"150\" height=\"150\" src=\"https:\/\/www.fuare.net\/wp-content\/uploads\/2021\/03\/IMG_20200317_171827-768x1024-2-150x150.jpg\" class=\"attachment-thumbnail size-thumbnail\" alt=\"\" loading=\"lazy\" \/><\/a>\n\t\t\t<\/dt><\/dl><dl class='gallery-item'>\n\t\t\t<dt class='gallery-icon portrait'>\n\t\t\t\t<a href='https:\/\/www.fuare.net\/index.php\/foto-galeri-2\/img_20200306_192231-768x1024-2\/'><img width=\"150\" height=\"150\" src=\"https:\/\/www.fuare.net\/wp-content\/uploads\/2021\/03\/IMG_20200306_192231-768x1024-2-150x150.jpg\" class=\"attachment-thumbnail size-thumbnail\" alt=\"\" loading=\"lazy\" \/><\/a>\n\t\t\t<\/dt><\/dl><dl class='gallery-item'>\n\t\t\t<dt class='gallery-icon landscape'>\n\t\t\t\t<a href='https:\/\/www.fuare.net\/index.php\/foto-galeri-2\/img_20200306_191746-1024x768-2\/'><img width=\"150\" height=\"150\" src=\"https:\/\/www.fuare.net\/wp-content\/uploads\/2021\/03\/IMG_20200306_191746-1024x768-2-150x150.jpg\" class=\"attachment-thumbnail size-thumbnail\" alt=\"\" loading=\"lazy\" \/><\/a>\n\t\t\t<\/dt><\/dl><br style=\"clear: both\" \/><dl class='gallery-item'>\n\t\t\t<dt class='gallery-icon portrait'>\n\t\t\t\t<a href='https:\/\/www.fuare.net\/img-20200331-wa0101-768x1024\/'><img width=\"150\" height=\"150\" src=\"https:\/\/www.fuare.net\/wp-content\/uploads\/2021\/03\/IMG-20200331-WA0101-768x1024-1-150x150.jpg\" class=\"attachment-thumbnail size-thumbnail\" alt=\"\" loading=\"lazy\" \/><\/a>\n\t\t\t<\/dt><\/dl><dl class='gallery-item'>\n\t\t\t<dt class='gallery-icon portrait'>\n\t\t\t\t<a href='https:\/\/www.fuare.net\/img-20200331-wa0100-768x1024\/'><img width=\"150\" height=\"150\" src=\"https:\/\/www.fuare.net\/wp-content\/uploads\/2021\/03\/IMG-20200331-WA0100-768x1024-1-150x150.jpg\" class=\"attachment-thumbnail size-thumbnail\" alt=\"\" loading=\"lazy\" \/><\/a>\n\t\t\t<\/dt><\/dl><dl class='gallery-item'>\n\t\t\t<dt class='gallery-icon portrait'>\n\t\t\t\t<a href='https:\/\/www.fuare.net\/img-20200331-wa0099-768x1024\/'><img width=\"150\" height=\"150\" src=\"https:\/\/www.fuare.net\/wp-content\/uploads\/2021\/03\/IMG-20200331-WA0099-768x1024-1-150x150.jpg\" class=\"attachment-thumbnail size-thumbnail\" alt=\"\" loading=\"lazy\" \/><\/a>\n\t\t\t<\/dt><\/dl><br style=\"clear: both\" \/><dl class='gallery-item'>\n\t\t\t<dt class='gallery-icon portrait'>\n\t\t\t\t<a href='https:\/\/www.fuare.net\/img-20200331-wa0098-768x1024\/'><img width=\"150\" height=\"150\" src=\"https:\/\/www.fuare.net\/wp-content\/uploads\/2021\/03\/IMG-20200331-WA0098-768x1024-1-150x150.jpg\" class=\"attachment-thumbnail size-thumbnail\" alt=\"\" loading=\"lazy\" \/><\/a>\n\t\t\t<\/dt><\/dl><dl class='gallery-item'>\n\t\t\t<dt class='gallery-icon portrait'>\n\t\t\t\t<a href='https:\/\/www.fuare.net\/img-20200331-wa0095-768x1024\/'><img width=\"150\" height=\"150\" src=\"https:\/\/www.fuare.net\/wp-content\/uploads\/2021\/03\/IMG-20200331-WA0095-768x1024-1-150x150.jpg\" class=\"attachment-thumbnail size-thumbnail\" alt=\"\" loading=\"lazy\" \/><\/a>\n\t\t\t<\/dt><\/dl><dl class='gallery-item'>\n\t\t\t<dt class='gallery-icon portrait'>\n\t\t\t\t<a href='https:\/\/www.fuare.net\/img-20200331-wa0094-768x1024\/'><img width=\"150\" height=\"150\" src=\"https:\/\/www.fuare.net\/wp-content\/uploads\/2021\/03\/IMG-20200331-WA0094-768x1024-1-150x150.jpg\" class=\"attachment-thumbnail size-thumbnail\" alt=\"\" loading=\"lazy\" \/><\/a>\n\t\t\t<\/dt><\/dl><br style=\"clear: both\" \/>\n\t\t<\/div>\n\r\n<img loading=\"lazy\" width=\"800\" height=\"800\" class=\"wp-image-587 aligncenter\" src=\"https:\/\/www.fuare.net\/wp-content\/uploads\/2020\/04\/Orange-and-Yellow-Gradients-Christmas-Animated-Social-Media-3.gif\" alt=\"\" data-id=\"587\" data-full-url=\"https:\/\/www.fuare.net\/wp-content\/uploads\/2020\/04\/Orange-and-Yellow-Gradients-Christmas-Animated-Social-Media-3.gif\" data-link=\"https:\/\/www.fuare.net\/index.php\/foto-galeri-2\/orange-and-yellow-gradients-christmas-animated-social-media-3\/\" \/><\/figure>\r\n<\/figure>\r\n\r\n\r\n\r\n<figure class=\"wp-block-image size-large\"><img loading=\"lazy\" width=\"1024\" height=\"768\" class=\"wp-image-598 aligncenter\" src=\"https:\/\/www.fuare.net\/wp-content\/uploads\/2020\/04\/m\u00fc\u015fterilerimizeg\u00fc\u00e7kat\u0131yoruz-1-1024x768.jpg\" alt=\"\" srcset=\"https:\/\/www.fuare.net\/wp-content\/uploads\/2020\/04\/m\u00fc\u015fterilerimizeg\u00fc\u00e7kat\u0131yoruz-1-1024x768.jpg 1024w, https:\/\/www.fuare.net\/wp-content\/uploads\/2020\/04\/m\u00fc\u015fterilerimizeg\u00fc\u00e7kat\u0131yoruz-1-300x225.jpg 300w, https:\/\/www.fuare.net\/wp-content\/uploads\/2020\/04\/m\u00fc\u015fterilerimizeg\u00fc\u00e7kat\u0131yoruz-1-768x576.jpg 768w, https:\/\/www.fuare.net\/wp-content\/uploads\/2020\/04\/m\u00fc\u015fterilerimizeg\u00fc\u00e7kat\u0131yoruz-1.jpg 1280w\" sizes=\"(max-width: 1024px) 100vw, 1024px\" \/><\/figure>\r\n","protected":false},"excerpt":{"rendered":"","protected":false},"author":1,"featured_media":0,"parent":0,"menu_order":0,"comment_status":"closed","ping_status":"closed","template":"","meta":[],"_links":{"self":[{"href":"https:\/\/www.fuare.net\/index.php\/wp-json\/wp\/v2\/pages\/388"}],"collection":[{"href":"https:\/\/www.fuare.net\/index.php\/wp-json\/wp\/v2\/pages"}],"about":[{"href":"https:\/\/www.fuare.net\/index.php\/wp-json\/wp\/v2\/types\/page"}],"author":[{"embeddable":true,"href":"https:\/\/www.fuare.net\/index.php\/wp-json\/wp\/v2\/users\/1"}],"replies":[{"embeddable":true,"href":"https:\/\/www.fuare.net\/index.php\/wp-json\/wp\/v2\/comments?post=388"}],"version-history":[{"count":21,"href":"https:\/\/www.fuare.net\/index.php\/wp-json\/wp\/v2\/pages\/388\/revisions"}],"predecessor-version":[{"id":660,"href":"https:\/\/www.fuare.net\/index.php\/wp-json\/wp\/v2\/pages\/388\/revisions\/660"}],"wp:attachment":[{"href":"https:\/\/www.fuare.net\/index.php\/wp-json\/wp\/v2\/media?parent=388"}],"curies":[{"name":"wp","href":"https:\/\/api.w.org\/{rel}","templated":true}]}}