{"id":5,"date":"2016-06-15T00:42:22","date_gmt":"2016-06-14T21:42:22","guid":{"rendered":"http:\/\/www.fuare.net\/iletisim\/"},"modified":"2020-04-05T01:21:27","modified_gmt":"2020-04-04T22:21:27","slug":"iletisim","status":"publish","type":"page","link":"https:\/\/www.fuare.net\/index.php\/iletisim\/","title":{"rendered":"\u0130leti\u015fim"},"content":{"rendered":"\n<p>\u0130stanbul Fuare Dezenfekte \u0130la\u00e7lama olarak sizlere hizmetimizi 7\/24 sunmaktay\u0131z.Bizimle ileti\u015fim kurmak i\u00e7in a\u015fa\u011f\u0131daki numaralar\u0131 arayabilirsiniz;<\/p>\n\n\n\n<p>02164602428<\/p>\n\n\n\n<p>02122702285<\/p>\n\n\n\n<p><\/p>\n","protected":false},"excerpt":{"rendered":"<p>\u0130stanbul Fuare Dezenfekte \u0130la\u00e7lama olarak sizlere hizmetimizi 7\/24 sunmaktay\u0131z.Bizimle ileti\u015fim kurmak i\u00e7in a\u015fa\u011f\u0131daki numaralar\u0131 arayabilirsiniz; 02164602428 02122702285<\/p>\n","protected":false},"author":1,"featured_media":0,"parent":0,"menu_order":0,"comment_status":"closed","ping_status":"closed","template":"","meta":[],"_links":{"self":[{"href":"https:\/\/www.fuare.net\/index.php\/wp-json\/wp\/v2\/pages\/5"}],"collection":[{"href":"https:\/\/www.fuare.net\/index.php\/wp-json\/wp\/v2\/pages"}],"about":[{"href":"https:\/\/www.fuare.net\/index.php\/wp-json\/wp\/v2\/types\/page"}],"author":[{"embeddable":true,"href":"https:\/\/www.fuare.net\/index.php\/wp-json\/wp\/v2\/users\/1"}],"replies":[{"embeddable":true,"href":"https:\/\/www.fuare.net\/index.php\/wp-json\/wp\/v2\/comments?post=5"}],"version-history":[{"count":5,"href":"https:\/\/www.fuare.net\/index.php\/wp-json\/wp\/v2\/pages\/5\/revisions"}],"predecessor-version":[{"id":481,"href":"https:\/\/www.fuare.net\/index.php\/wp-json\/wp\/v2\/pages\/5\/revisions\/481"}],"wp:attachment":[{"href":"https:\/\/www.fuare.net\/index.php\/wp-json\/wp\/v2\/media?parent=5"}],"curies":[{"name":"wp","href":"https:\/\/api.w.org\/{rel}","templated":true}]}}